{"id":24,"date":"2026-04-06T09:25:27","date_gmt":"2026-04-06T06:25:27","guid":{"rendered":"https:\/\/admaircontrol.com.tr\/?page_id=24"},"modified":"2026-04-06T09:30:38","modified_gmt":"2026-04-06T06:30:38","slug":"hakkimizda","status":"publish","type":"page","link":"https:\/\/admaircontrol.com.tr\/?page_id=24","title":{"rendered":"Hakk\u0131m\u0131zda"},"content":{"rendered":"\n<figure class=\"wp-block-image size-full\"><img loading=\"lazy\" decoding=\"async\" width=\"1024\" height=\"819\" src=\"https:\/\/admaircontrol.com.tr\/wp-content\/uploads\/2026\/04\/gokhan-ayaz-3-1024x819-1.jpg\" alt=\"\" class=\"wp-image-36\" srcset=\"https:\/\/admaircontrol.com.tr\/wp-content\/uploads\/2026\/04\/gokhan-ayaz-3-1024x819-1.jpg 1024w, https:\/\/admaircontrol.com.tr\/wp-content\/uploads\/2026\/04\/gokhan-ayaz-3-1024x819-1-300x240.jpg 300w, https:\/\/admaircontrol.com.tr\/wp-content\/uploads\/2026\/04\/gokhan-ayaz-3-1024x819-1-768x614.jpg 768w\" sizes=\"auto, (max-width: 1024px) 100vw, 1024px\" \/><\/figure>\n\n\n\n<p>01.05.1990 tarihinde Trabzon ilinin \u015ealpazar\u0131 il\u00e7esinde do\u011fdum. \u0130lk ve orta\u00f6\u011frenimini \u015ealpazar\u0131 il\u00e7esi Tezderesi Mahallesi\u2019nde bulunan k\u00f6y okulunda; lise \u00f6\u011frenimimi \u015ealpazar\u0131 il\u00e7e merkezinde bulunan \u00e7ok programl\u0131 lisede tamamlad\u0131m.<\/p>\n\n\n\n<p>Tokat Gaziosmanpa\u015fa \u00dcniversitesi\u2019nde 2010 y\u0131l\u0131nda ba\u015flad\u0131\u011f\u0131 Kamu Y\u00f6netimi b\u00f6l\u00fcm\u00fcnden 2014 y\u0131l\u0131nda mezun oldum. 2015 y\u0131l\u0131nda Eski\u015fehir Anadolu \u00dcniversitesi\u2019nde Pedagojik Formasyon e\u011fitimimi tamamlad\u0131ktan sonra 2016 y\u0131l\u0131nda Milli E\u011fitim Bakanl\u0131\u011f\u0131\u2019na Adalet Alan \u00d6\u011fretmeni olarak atand\u0131m. \u0130lk g\u00f6rev yeri olan Samsun \u00c7ar\u015famba\u2019da bir y\u0131l \u00e7al\u0131\u015ft\u0131ktan sonra 2018 y\u0131l\u0131nda Tonya \u015eehit Soner Y\u0131ld\u0131r\u0131m Borsa \u0130stanbul Mesleki ve Teknik Anadolu Lisesi\u2019ne atand\u0131m.<\/p>\n\n\n\n<p>H\u00e2len bu kurumda g\u00f6rev yapmaktay\u0131m. 2022 y\u0131l\u0131nda yay\u0131mlanm\u0131\u015f \u201cBendeki \u0130zler\u201d adl\u0131 bir hik\u00e2ye kitab\u0131m ve 2023 y\u0131l\u0131nda yay\u0131mlanm\u0131\u015f \u201cBenim Hayalim Benim Masal\u0131m\u201d adl\u0131 masal kitab\u0131m vard\u0131r.<br><br><br><strong><em>G\u00f6khan AYAZ<\/em><\/strong><\/p>\n\n\n\n<p><\/p>\n","protected":false},"excerpt":{"rendered":"<p>01.05.1990 tarihinde Trabzon ilinin \u015ealpazar\u0131 il\u00e7esinde do\u011fdum. \u0130lk ve orta\u00f6\u011frenimini \u015ealpazar\u0131 il\u00e7esi Tezderesi Mahallesi\u2019nde bulunan k\u00f6y okulunda; lise \u00f6\u011frenimimi \u015ealpazar\u0131 il\u00e7e merkezinde bulunan \u00e7ok programl\u0131 lisede tamamlad\u0131m. Tokat Gaziosmanpa\u015fa \u00dcniversitesi\u2019nde 2010 y\u0131l\u0131nda ba\u015flad\u0131\u011f\u0131 Kamu Y\u00f6netimi b\u00f6l\u00fcm\u00fcnden 2014 y\u0131l\u0131nda mezun oldum. 2015 y\u0131l\u0131nda Eski\u015fehir Anadolu \u00dcniversitesi\u2019nde Pedagojik Formasyon e\u011fitimimi tamamlad\u0131ktan sonra 2016 y\u0131l\u0131nda Milli E\u011fitim Bakanl\u0131\u011f\u0131\u2019na [&hellip;]<\/p>\n","protected":false},"author":1,"featured_media":0,"parent":0,"menu_order":0,"comment_status":"closed","ping_status":"closed","template":"","meta":{"footnotes":""},"class_list":["post-24","page","type-page","status-publish","hentry"],"_links":{"self":[{"href":"https:\/\/admaircontrol.com.tr\/index.php?rest_route=\/wp\/v2\/pages\/24","targetHints":{"allow":["GET"]}}],"collection":[{"href":"https:\/\/admaircontrol.com.tr\/index.php?rest_route=\/wp\/v2\/pages"}],"about":[{"href":"https:\/\/admaircontrol.com.tr\/index.php?rest_route=\/wp\/v2\/types\/page"}],"author":[{"embeddable":true,"href":"https:\/\/admaircontrol.com.tr\/index.php?rest_route=\/wp\/v2\/users\/1"}],"replies":[{"embeddable":true,"href":"https:\/\/admaircontrol.com.tr\/index.php?rest_route=%2Fwp%2Fv2%2Fcomments&post=24"}],"version-history":[{"count":3,"href":"https:\/\/admaircontrol.com.tr\/index.php?rest_route=\/wp\/v2\/pages\/24\/revisions"}],"predecessor-version":[{"id":38,"href":"https:\/\/admaircontrol.com.tr\/index.php?rest_route=\/wp\/v2\/pages\/24\/revisions\/38"}],"wp:attachment":[{"href":"https:\/\/admaircontrol.com.tr\/index.php?rest_route=%2Fwp%2Fv2%2Fmedia&parent=24"}],"curies":[{"name":"wp","href":"https:\/\/api.w.org\/{rel}","templated":true}]}}